{"id":33595,"date":"2023-06-07T18:06:50","date_gmt":"2023-06-07T16:06:50","guid":{"rendered":"https:\/\/www.proes.es\/?page_id=33595"},"modified":"2024-06-25T12:01:53","modified_gmt":"2024-06-25T10:01:53","slug":"actividades","status":"publish","type":"page","link":"https:\/\/www.proes.es\/en\/actividades\/","title":{"rendered":"Activities"},"content":{"rendered":"<div data-elementor-type=\"wp-page\" data-elementor-id=\"33595\" class=\"elementor elementor-33595\" data-elementor-post-type=\"page\">\n\t\t\t\t<div class=\"elementor-element elementor-element-8f89494 e-flex e-con-boxed e-con e-parent\" data-id=\"8f89494\" data-element_type=\"container\">\n\t\t\t\t\t<div class=\"e-con-inner\">\n\t\t\t\t<div class=\"elementor-element elementor-element-9a80f4f elementor-widget elementor-widget-spacer\" data-id=\"9a80f4f\" data-element_type=\"widget\" data-widget_type=\"spacer.default\">\n\t\t\t\t<div class=\"elementor-widget-container\">\n\t\t\t\t\t\t\t<div class=\"elementor-spacer\">\n\t\t\t<div class=\"elementor-spacer-inner\"><\/div>\n\t\t<\/div>\n\t\t\t\t\t\t<\/div>\n\t\t\t\t<\/div>\n\t\t\t\t\t<\/div>\n\t\t\t\t<\/div>\n\t\t<div class=\"elementor-element elementor-element-f088e8c e-flex e-con-boxed e-con e-parent\" data-id=\"f088e8c\" data-element_type=\"container\" data-settings=\"{&quot;background_background&quot;:&quot;classic&quot;}\">\n\t\t\t\t\t<div class=\"e-con-inner\">\n\t\t<div class=\"elementor-element elementor-element-a9b4f52 e-con-full e-flex e-con e-child\" data-id=\"a9b4f52\" data-element_type=\"container\">\n\t\t\t\t<div class=\"elementor-element elementor-element-053a147 elementor-widget__width-initial elementor-widget elementor-widget-heading\" data-id=\"053a147\" data-element_type=\"widget\" data-widget_type=\"heading.default\">\n\t\t\t\t<div class=\"elementor-widget-container\">\n\t\t\t\t\t<h1 class=\"elementor-heading-title elementor-size-default\">Activities<\/h1>\t\t\t\t<\/div>\n\t\t\t\t<\/div>\n\t\t\t\t<\/div>\n\t\t\t\t\t<\/div>\n\t\t\t\t<\/div>\n\t\t<div class=\"elementor-element elementor-element-53f2019 e-flex e-con-boxed e-con e-parent\" data-id=\"53f2019\" data-element_type=\"container\">\n\t\t\t\t\t<div class=\"e-con-inner\">\n\t\t\t\t<div class=\"elementor-element elementor-element-0f0a1a4 elementor-widget elementor-widget-text-editor\" data-id=\"0f0a1a4\" data-element_type=\"widget\" data-widget_type=\"text-editor.default\">\n\t\t\t\t<div class=\"elementor-widget-container\">\n\t\t\t\t\t\t\t\t\t<p><span style=\"color: #000080;\">LNG Canaport Terminal at Saint John, Canada<\/span><\/p>\t\t\t\t\t\t\t\t<\/div>\n\t\t\t\t<\/div>\n\t\t\t\t\t<\/div>\n\t\t\t\t<\/div>\n\t\t<div class=\"elementor-element elementor-element-4c8e22a e-flex e-con-boxed e-con e-parent\" data-id=\"4c8e22a\" data-element_type=\"container\">\n\t\t\t\t\t<div class=\"e-con-inner\">\n\t\t\t\t<div class=\"elementor-element elementor-element-13aef5e elementor-widget elementor-widget-spacer\" data-id=\"13aef5e\" data-element_type=\"widget\" data-widget_type=\"spacer.default\">\n\t\t\t\t<div class=\"elementor-widget-container\">\n\t\t\t\t\t\t\t<div class=\"elementor-spacer\">\n\t\t\t<div class=\"elementor-spacer-inner\"><\/div>\n\t\t<\/div>\n\t\t\t\t\t\t<\/div>\n\t\t\t\t<\/div>\n\t\t\t\t\t<\/div>\n\t\t\t\t<\/div>\n\t\t<div class=\"elementor-element elementor-element-f77dcc6 e-con-full e-flex e-con e-parent\" data-id=\"f77dcc6\" data-element_type=\"container\">\n\t\t\t\t<div class=\"elementor-element elementor-element-08ab8fa elementor-widget__width-initial elementor-widget elementor-widget-text-editor\" data-id=\"08ab8fa\" data-element_type=\"widget\" data-widget_type=\"text-editor.default\">\n\t\t\t\t<div class=\"elementor-widget-container\">\n\t\t\t\t\t\t\t\t\t<p style=\"font-size: 15px; font-family: 'Helvetica',sans-serif; line-height: 22.5pt; margin: 0cm 0cm 0pt 0cm; text-align: left; background: white;\"><span style=\"font-size: 16px; font-family: 'Helvetica',sans-serif; color: #575756;\">In <\/span><span style=\"font-size: 16px; font-family: Helvetica, sans-serif; color: #97d700;\">Proes,<\/span><span style=\"font-size: 16px; font-family: 'Helvetica',sans-serif; color: #575756;\">as a leading engineering group, we pride ourselves on providing a <span style=\"color: #97d700;\">wide range of innovative avticities and solutions<\/span> in a wide range of fields. With a strong background in research and development, our approach focuses on the practical application of theoretical knowledge, enabling us to improve everyday life and make a difference in the world around us.<br \/>Our commitment with <span style=\"color: #97d700;\">sustainability<\/span> is another priority for our group. We constantly seek to reduce our environmental impact through the implementation of eco-friendly practices and the promotion of energy-efficient solutions in our projects. Therefore, we not only ensure that our solutions are effective, but also that they are responsible for our planet.<\/span><\/p>\t\t\t\t\t\t\t\t<\/div>\n\t\t\t\t<\/div>\n\t\t\t\t<\/div>\n\t\t<div class=\"elementor-element elementor-element-6d1bc50 e-flex e-con-boxed e-con e-parent\" data-id=\"6d1bc50\" data-element_type=\"container\">\n\t\t\t\t\t<div class=\"e-con-inner\">\n\t\t\t\t<div class=\"elementor-element elementor-element-3e3cb02 elementor-widget elementor-widget-spacer\" data-id=\"3e3cb02\" data-element_type=\"widget\" data-widget_type=\"spacer.default\">\n\t\t\t\t<div class=\"elementor-widget-container\">\n\t\t\t\t\t\t\t<div class=\"elementor-spacer\">\n\t\t\t<div class=\"elementor-spacer-inner\"><\/div>\n\t\t<\/div>\n\t\t\t\t\t\t<\/div>\n\t\t\t\t<\/div>\n\t\t\t\t\t<\/div>\n\t\t\t\t<\/div>\n\t\t<div class=\"elementor-element elementor-element-74dbd28 e-flex e-con-boxed e-con e-parent\" data-id=\"74dbd28\" data-element_type=\"container\">\n\t\t\t\t\t<div class=\"e-con-inner\">\n\t\t\t\t<div class=\"elementor-element elementor-element-2eeab9b elementor-widget__width-inherit elementor-widget elementor-widget-jw-images-layout\" data-id=\"2eeab9b\" data-element_type=\"widget\" data-settings=\"{&quot;columns&quot;:&quot;4&quot;}\" data-widget_type=\"jw-images-layout.default\">\n\t\t\t\t<div class=\"elementor-widget-container\">\n\t\t\t\t\t<div class=\"elementor-jw-images-layout jet-widgets\">\n<div class=\"jw-images-layout layout-type-masonry\" data-settings='{\"layoutType\":\"masonry\",\"justifyHeight\":300}'>\n\t<div class=\"jw-images-layout__list column-desktop-4 column-tablet-2 column-mobile-1\" data-columns>\n<div class=\"jw-images-layout__item\">\n\t<div class=\"jw-images-layout__inner\">\n\t\t<a class=\"jw-images-layout__link\" href=\"\/en\/agua\/\" target=\"_blank\">\n\t\t\t<div class=\"jw-images-layout__image\">\n\t\t\t\t<img decoding=\"async\" class=\"jw-images-layout__image-instance\" src=\"http:\/\/www.proes.es\/wp-content\/uploads\/2023\/08\/Agua.jpg\" alt=\"Agua\">\t\t\t<\/div>\n\t\t\t<div class=\"jw-images-layout__content\">\n\t\t\t\t\t\n\t\t\t\t\t<h5 class=\"jw-images-layout__title\">WATER<\/h5>\n\t\t\t<\/div>\n\t\t<\/a>\n\t<\/div>\n\t<div class=\"jw-images-layout__image-loader\"><span><\/span><\/div>\n<\/div>\n<div class=\"jw-images-layout__item\">\n\t<div class=\"jw-images-layout__inner\">\n\t\t<a class=\"jw-images-layout__link\" href=\"\/en\/desarrollo-de-proyectos-para-la-industria\/\" target=\"_blank\">\n\t\t\t<div class=\"jw-images-layout__image\">\n\t\t\t\t<img decoding=\"async\" class=\"jw-images-layout__image-instance\" src=\"http:\/\/www.proes.es\/wp-content\/uploads\/2023\/08\/Desarrollo-de-poryectos-para-la-industria.jpg\" alt=\"Desarrollo de poryectos para la industria\">\t\t\t<\/div>\n\t\t\t<div class=\"jw-images-layout__content\">\n\t\t\t\t\t\n\t\t\t\t\t<h5 class=\"jw-images-layout__title\">PROJECT DEVELOPMENT FOR INDUSTRY<\/h5>\n\t\t\t<\/div>\n\t\t<\/a>\n\t<\/div>\n\t<div class=\"jw-images-layout__image-loader\"><span><\/span><\/div>\n<\/div>\n<div class=\"jw-images-layout__item\">\n\t<div class=\"jw-images-layout__inner\">\n\t\t<a class=\"jw-images-layout__link\" href=\"\/en\/diseno-infraestructuras-maritimas\/\" target=\"_blank\">\n\t\t\t<div class=\"jw-images-layout__image\">\n\t\t\t\t<img decoding=\"async\" class=\"jw-images-layout__image-instance\" src=\"http:\/\/www.proes.es\/wp-content\/uploads\/2023\/08\/Diseno-de-infraestructuras-maritimas.jpg\" alt=\"Dise\u00f1o de infraestructuras mar\u00edtimas\">\t\t\t<\/div>\n\t\t\t<div class=\"jw-images-layout__content\">\n\t\t\t\t\t\n\t\t\t\t\t<h5 class=\"jw-images-layout__title\">MARITIME INFRASTRUCTURE DESIGN<\/h5>\n\t\t\t<\/div>\n\t\t<\/a>\n\t<\/div>\n\t<div class=\"jw-images-layout__image-loader\"><span><\/span><\/div>\n<\/div>\n<div class=\"jw-images-layout__item\">\n\t<div class=\"jw-images-layout__inner\">\n\t\t<a class=\"jw-images-layout__link\" href=\"\/en\/edificacion\/\" target=\"_blank\">\n\t\t\t<div class=\"jw-images-layout__image\">\n\t\t\t\t<img decoding=\"async\" class=\"jw-images-layout__image-instance\" src=\"http:\/\/www.proes.es\/wp-content\/uploads\/2023\/08\/Edificacion.jpg\" alt=\"Edificaci\u00f3n\">\t\t\t<\/div>\n\t\t\t<div class=\"jw-images-layout__content\">\n\t\t\t\t\t\n\t\t\t\t\t<h5 class=\"jw-images-layout__title\">CONSTRUCTION<\/h5>\n\t\t\t<\/div>\n\t\t<\/a>\n\t<\/div>\n\t<div class=\"jw-images-layout__image-loader\"><span><\/span><\/div>\n<\/div>\n<div class=\"jw-images-layout__item\">\n\t<div class=\"jw-images-layout__inner\">\n\t\t<a class=\"jw-images-layout__link\" href=\"\/en\/infraestructuras-del-transporte-terrestre\/\" target=\"_blank\">\n\t\t\t<div class=\"jw-images-layout__image\">\n\t\t\t\t<img decoding=\"async\" class=\"jw-images-layout__image-instance\" src=\"http:\/\/www.proes.es\/wp-content\/uploads\/2023\/08\/Infraestructuras-del-transporte-terrestre.jpg\" alt=\"Infraestructuras del transporte terrestre\">\t\t\t<\/div>\n\t\t\t<div class=\"jw-images-layout__content\">\n\t\t\t\t\t\n\t\t\t\t\t<h5 class=\"jw-images-layout__title\">LAND INFRASTRUCTURES<\/h5>\n\t\t\t<\/div>\n\t\t<\/a>\n\t<\/div>\n\t<div class=\"jw-images-layout__image-loader\"><span><\/span><\/div>\n<\/div>\n<div class=\"jw-images-layout__item\">\n\t<div class=\"jw-images-layout__inner\">\n\t\t<a class=\"jw-images-layout__link\" href=\"\/en\/infraestructuras-maritimas-y-fluviales\/\" target=\"_blank\">\n\t\t\t<div class=\"jw-images-layout__image\">\n\t\t\t\t<img decoding=\"async\" class=\"jw-images-layout__image-instance\" src=\"http:\/\/www.proes.es\/wp-content\/uploads\/2023\/08\/Infraestructuras-maritimas-y-fluviales.jpg\" alt=\"Infraestructuras mar\u00edtimas y fluviales\">\t\t\t<\/div>\n\t\t\t<div class=\"jw-images-layout__content\">\n\t\t\t\t\t\n\t\t\t\t\t<h5 class=\"jw-images-layout__title\">MARITIME AND RIVER INFRASTRUCTURES<\/h5>\n\t\t\t<\/div>\n\t\t<\/a>\n\t<\/div>\n\t<div class=\"jw-images-layout__image-loader\"><span><\/span><\/div>\n<\/div>\n<div class=\"jw-images-layout__item\">\n\t<div class=\"jw-images-layout__inner\">\n\t\t<a class=\"jw-images-layout__link\" href=\"\/en\/ingenieria-de-parques-eolicos-off-shore\/\" target=\"_blank\">\n\t\t\t<div class=\"jw-images-layout__image\">\n\t\t\t\t<img decoding=\"async\" class=\"jw-images-layout__image-instance\" src=\"http:\/\/www.proes.es\/wp-content\/uploads\/2023\/08\/Ingenieria-de-parques-eolicos-offshore.jpg\" alt=\"Offshore wind farm, Thames estuary.\">\t\t\t<\/div>\n\t\t\t<div class=\"jw-images-layout__content\">\n\t\t\t\t\t\n\t\t\t\t\t<h5 class=\"jw-images-layout__title\">OFFSHORE WINDFARM ENGINEERING<\/h5>\n\t\t\t<\/div>\n\t\t<\/a>\n\t<\/div>\n\t<div class=\"jw-images-layout__image-loader\"><span><\/span><\/div>\n<\/div>\n<div class=\"jw-images-layout__item\">\n\t<div class=\"jw-images-layout__inner\">\n\t\t<a class=\"jw-images-layout__link\" href=\"https:\/\/www.proes.es\/en\/instalaciones-industriales\/\" target=\"_blank\">\n\t\t\t<div class=\"jw-images-layout__image\">\n\t\t\t\t<img decoding=\"async\" class=\"jw-images-layout__image-instance\" src=\"http:\/\/www.proes.es\/wp-content\/uploads\/2023\/08\/Instalaciones-industriales.jpg\" alt=\"Photo of automobile production line. Welding car body. Modern car assembly plant. Auto industry.\">\t\t\t<\/div>\n\t\t\t<div class=\"jw-images-layout__content\">\n\t\t\t\t\t\n\t\t\t\t\t<h5 class=\"jw-images-layout__title\">INDUSTRIAL FACILITIES<\/h5>\n\t\t\t<\/div>\n\t\t<\/a>\n\t<\/div>\n\t<div class=\"jw-images-layout__image-loader\"><span><\/span><\/div>\n<\/div>\n<div class=\"jw-images-layout__item\">\n\t<div class=\"jw-images-layout__inner\">\n\t\t<a class=\"jw-images-layout__link\" href=\"\/en\/medioambiente\/\" target=\"_blank\">\n\t\t\t<div class=\"jw-images-layout__image\">\n\t\t\t\t<img decoding=\"async\" class=\"jw-images-layout__image-instance\" src=\"http:\/\/www.proes.es\/wp-content\/uploads\/2023\/08\/Medioambiente.jpg\" alt=\"Medioambiente\">\t\t\t<\/div>\n\t\t\t<div class=\"jw-images-layout__content\">\n\t\t\t\t\t\n\t\t\t\t\t<h5 class=\"jw-images-layout__title\">ENVIRONMENT<\/h5>\n\t\t\t<\/div>\n\t\t<\/a>\n\t<\/div>\n\t<div class=\"jw-images-layout__image-loader\"><span><\/span><\/div>\n<\/div>\n<div class=\"jw-images-layout__item\">\n\t<div class=\"jw-images-layout__inner\">\n\t\t<a class=\"jw-images-layout__link\" href=\"\/en\/regeneracion-de-playas-y-zonas-litorales\/\" target=\"_blank\">\n\t\t\t<div class=\"jw-images-layout__image\">\n\t\t\t\t<img decoding=\"async\" class=\"jw-images-layout__image-instance\" src=\"http:\/\/www.proes.es\/wp-content\/uploads\/2023\/08\/Regeneracion-de-playas-y-zonas-litorales.jpg\" alt=\"Regeneraci\u00f3n de playas y zonas litorales\">\t\t\t<\/div>\n\t\t\t<div class=\"jw-images-layout__content\">\n\t\t\t\t\t\n\t\t\t\t\t<h5 class=\"jw-images-layout__title\">BEACH AND COASTAL RESTORATION<\/h5>\n\t\t\t<\/div>\n\t\t<\/a>\n\t<\/div>\n\t<div class=\"jw-images-layout__image-loader\"><span><\/span><\/div>\n<\/div>\n<div class=\"jw-images-layout__item\">\n\t<div class=\"jw-images-layout__inner\">\n\t\t<a class=\"jw-images-layout__link\" href=\"\/en\/rehabilitacion-y-mantenimiento-de-estructuras\/\" target=\"_blank\">\n\t\t\t<div class=\"jw-images-layout__image\">\n\t\t\t\t<img decoding=\"async\" class=\"jw-images-layout__image-instance\" src=\"http:\/\/www.proes.es\/wp-content\/uploads\/2023\/08\/Rehabilitacion-y-mantenimiento-de-estructuras.jpg\" alt=\"Rehabilitaci\u00f3n y mantenimiento de estructuras\">\t\t\t<\/div>\n\t\t\t<div class=\"jw-images-layout__content\">\n\t\t\t\t\t\n\t\t\t\t\t<h5 class=\"jw-images-layout__title\">REHABILITATION AND MAINTENANCE OF STRUCTURES<\/h5>\n\t\t\t<\/div>\n\t\t<\/a>\n\t<\/div>\n\t<div class=\"jw-images-layout__image-loader\"><span><\/span><\/div>\n<\/div>\n<div class=\"jw-images-layout__item\">\n\t<div class=\"jw-images-layout__inner\">\n\t\t<a class=\"jw-images-layout__link\" href=\"\/en\/supervision-de-proyectos\/\" target=\"_blank\">\n\t\t\t<div class=\"jw-images-layout__image\">\n\t\t\t\t<img decoding=\"async\" class=\"jw-images-layout__image-instance\" src=\"http:\/\/www.proes.es\/wp-content\/uploads\/2023\/08\/Supervision-de-proyectos-y-ejecucion-de-obras.jpg\" alt=\"Supervisi\u00f3n de proyectos y ejecuci\u00f3n de obras\">\t\t\t<\/div>\n\t\t\t<div class=\"jw-images-layout__content\">\n\t\t\t\t\t\n\t\t\t\t\t<h5 class=\"jw-images-layout__title\">PROJECT SUPERVISION AND WORKS EXECUTION<\/h5>\n\t\t\t<\/div>\n\t\t<\/a>\n\t<\/div>\n\t<div class=\"jw-images-layout__image-loader\"><span><\/span><\/div>\n<\/div>\n<\/div><\/div>\n<\/div>\t\t\t\t<\/div>\n\t\t\t\t<\/div>\n\t\t\t\t\t<\/div>\n\t\t\t\t<\/div>\n\t\t<div class=\"elementor-element elementor-element-13eede1 e-flex e-con-boxed e-con e-parent\" data-id=\"13eede1\" data-element_type=\"container\">\n\t\t\t\t\t<div class=\"e-con-inner\">\n\t\t\t\t<div class=\"elementor-element elementor-element-e8c4da2 elementor-widget elementor-widget-spacer\" data-id=\"e8c4da2\" data-element_type=\"widget\" data-widget_type=\"spacer.default\">\n\t\t\t\t<div class=\"elementor-widget-container\">\n\t\t\t\t\t\t\t<div class=\"elementor-spacer\">\n\t\t\t<div class=\"elementor-spacer-inner\"><\/div>\n\t\t<\/div>\n\t\t\t\t\t\t<\/div>\n\t\t\t\t<\/div>\n\t\t\t\t\t<\/div>\n\t\t\t\t<\/div>\n\t\t\t\t<\/div>","protected":false},"excerpt":{"rendered":"<p>Actividades Terminal de GNL de Canaport en Saint John, Canad\u00e1 En Proes, un grupo l\u00edder en ingenier\u00eda, nos enorgullecemos de ofrecer una amplia gama de actividades y soluciones innovadoras en campos muy diversos. Con una s\u00f3lida base en investigaci\u00f3n y desarrollo, nuestro enfoque se centra en la aplicaci\u00f3n pr\u00e1ctica de conocimientos te\u00f3ricos, lo que nos [&hellip;]<\/p>","protected":false},"author":14,"featured_media":0,"parent":0,"menu_order":0,"comment_status":"closed","ping_status":"closed","template":"elementor_header_footer","meta":{"footnotes":""},"class_list":["post-33595","page","type-page","status-publish","hentry"],"yoast_head":"<!-- This site is optimized with the Yoast SEO plugin v26.8 - https:\/\/yoast.com\/product\/yoast-seo-wordpress\/ -->\n<title>Actividades - Proes<\/title>\n<meta name=\"robots\" content=\"index, follow, max-snippet:-1, max-image-preview:large, max-video-preview:-1\" \/>\n<link rel=\"canonical\" href=\"https:\/\/p28223.grupoamper.com\/en\/actividades\/\" \/>\n<meta property=\"og:locale\" content=\"en_GB\" \/>\n<meta property=\"og:type\" content=\"article\" \/>\n<meta property=\"og:title\" content=\"Actividades - Proes\" \/>\n<meta property=\"og:description\" content=\"Actividades Terminal de GNL de Canaport en Saint John, Canad\u00e1 En Proes, un grupo l\u00edder en ingenier\u00eda, nos enorgullecemos de ofrecer una amplia gama de actividades y soluciones innovadoras en campos muy diversos. Con una s\u00f3lida base en investigaci\u00f3n y desarrollo, nuestro enfoque se centra en la aplicaci\u00f3n pr\u00e1ctica de conocimientos te\u00f3ricos, lo que nos [&hellip;]\" \/>\n<meta property=\"og:url\" content=\"https:\/\/p28223.grupoamper.com\/en\/actividades\/\" \/>\n<meta property=\"og:site_name\" content=\"Proes\" \/>\n<meta property=\"article:modified_time\" content=\"2024-06-25T10:01:53+00:00\" \/>\n<meta property=\"og:image\" content=\"http:\/\/www.proes.es\/wp-content\/uploads\/2023\/08\/Agua.jpg\" \/>\n<meta name=\"twitter:card\" content=\"summary_large_image\" \/>\n<meta name=\"twitter:label1\" content=\"Estimated reading time\" \/>\n\t<meta name=\"twitter:data1\" content=\"1 minute\" \/>\n<script type=\"application\/ld+json\" class=\"yoast-schema-graph\">{\"@context\":\"https:\/\/schema.org\",\"@graph\":[{\"@type\":\"WebPage\",\"@id\":\"https:\/\/p28223.grupoamper.com\/en\/actividades\/\",\"url\":\"https:\/\/p28223.grupoamper.com\/en\/actividades\/\",\"name\":\"Actividades - Proes\",\"isPartOf\":{\"@id\":\"https:\/\/p28223.grupoamper.com\/#website\"},\"primaryImageOfPage\":{\"@id\":\"https:\/\/p28223.grupoamper.com\/en\/actividades\/#primaryimage\"},\"image\":{\"@id\":\"https:\/\/p28223.grupoamper.com\/en\/actividades\/#primaryimage\"},\"thumbnailUrl\":\"http:\/\/www.proes.es\/wp-content\/uploads\/2023\/08\/Agua.jpg\",\"datePublished\":\"2023-06-07T16:06:50+00:00\",\"dateModified\":\"2024-06-25T10:01:53+00:00\",\"breadcrumb\":{\"@id\":\"https:\/\/p28223.grupoamper.com\/en\/actividades\/#breadcrumb\"},\"inLanguage\":\"en-GB\",\"potentialAction\":[{\"@type\":\"ReadAction\",\"target\":[\"https:\/\/p28223.grupoamper.com\/en\/actividades\/\"]}]},{\"@type\":\"ImageObject\",\"inLanguage\":\"en-GB\",\"@id\":\"https:\/\/p28223.grupoamper.com\/en\/actividades\/#primaryimage\",\"url\":\"http:\/\/www.proes.es\/wp-content\/uploads\/2023\/08\/Agua.jpg\",\"contentUrl\":\"http:\/\/www.proes.es\/wp-content\/uploads\/2023\/08\/Agua.jpg\"},{\"@type\":\"BreadcrumbList\",\"@id\":\"https:\/\/p28223.grupoamper.com\/en\/actividades\/#breadcrumb\",\"itemListElement\":[{\"@type\":\"ListItem\",\"position\":1,\"name\":\"Portada\",\"item\":\"https:\/\/p28223.grupoamper.com\/\"},{\"@type\":\"ListItem\",\"position\":2,\"name\":\"Actividades\"}]},{\"@type\":\"WebSite\",\"@id\":\"https:\/\/p28223.grupoamper.com\/#website\",\"url\":\"https:\/\/p28223.grupoamper.com\/\",\"name\":\"Proes\",\"description\":\"\",\"publisher\":{\"@id\":\"https:\/\/p28223.grupoamper.com\/#organization\"},\"potentialAction\":[{\"@type\":\"SearchAction\",\"target\":{\"@type\":\"EntryPoint\",\"urlTemplate\":\"https:\/\/p28223.grupoamper.com\/?s={search_term_string}\"},\"query-input\":{\"@type\":\"PropertyValueSpecification\",\"valueRequired\":true,\"valueName\":\"search_term_string\"}}],\"inLanguage\":\"en-GB\"},{\"@type\":\"Organization\",\"@id\":\"https:\/\/p28223.grupoamper.com\/#organization\",\"name\":\"Proes\",\"url\":\"https:\/\/p28223.grupoamper.com\/\",\"logo\":{\"@type\":\"ImageObject\",\"inLanguage\":\"en-GB\",\"@id\":\"https:\/\/p28223.grupoamper.com\/#\/schema\/logo\/image\/\",\"url\":\"https:\/\/www.proes.es\/wp-content\/uploads\/2023\/05\/Logo-Proes.png\",\"contentUrl\":\"https:\/\/www.proes.es\/wp-content\/uploads\/2023\/05\/Logo-Proes.png\",\"width\":520,\"height\":140,\"caption\":\"Proes\"},\"image\":{\"@id\":\"https:\/\/p28223.grupoamper.com\/#\/schema\/logo\/image\/\"}}]}<\/script>\n<!-- \/ Yoast SEO plugin. -->","yoast_head_json":{"title":"Actividades - Proes","robots":{"index":"index","follow":"follow","max-snippet":"max-snippet:-1","max-image-preview":"max-image-preview:large","max-video-preview":"max-video-preview:-1"},"canonical":"https:\/\/p28223.grupoamper.com\/en\/actividades\/","og_locale":"en_GB","og_type":"article","og_title":"Actividades - Proes","og_description":"Actividades Terminal de GNL de Canaport en Saint John, Canad\u00e1 En Proes, un grupo l\u00edder en ingenier\u00eda, nos enorgullecemos de ofrecer una amplia gama de actividades y soluciones innovadoras en campos muy diversos. Con una s\u00f3lida base en investigaci\u00f3n y desarrollo, nuestro enfoque se centra en la aplicaci\u00f3n pr\u00e1ctica de conocimientos te\u00f3ricos, lo que nos [&hellip;]","og_url":"https:\/\/p28223.grupoamper.com\/en\/actividades\/","og_site_name":"Proes","article_modified_time":"2024-06-25T10:01:53+00:00","og_image":[{"url":"http:\/\/www.proes.es\/wp-content\/uploads\/2023\/08\/Agua.jpg","type":"","width":"","height":""}],"twitter_card":"summary_large_image","twitter_misc":{"Estimated reading time":"1 minute"},"schema":{"@context":"https:\/\/schema.org","@graph":[{"@type":"WebPage","@id":"https:\/\/p28223.grupoamper.com\/en\/actividades\/","url":"https:\/\/p28223.grupoamper.com\/en\/actividades\/","name":"Actividades - Proes","isPartOf":{"@id":"https:\/\/p28223.grupoamper.com\/#website"},"primaryImageOfPage":{"@id":"https:\/\/p28223.grupoamper.com\/en\/actividades\/#primaryimage"},"image":{"@id":"https:\/\/p28223.grupoamper.com\/en\/actividades\/#primaryimage"},"thumbnailUrl":"http:\/\/www.proes.es\/wp-content\/uploads\/2023\/08\/Agua.jpg","datePublished":"2023-06-07T16:06:50+00:00","dateModified":"2024-06-25T10:01:53+00:00","breadcrumb":{"@id":"https:\/\/p28223.grupoamper.com\/en\/actividades\/#breadcrumb"},"inLanguage":"en-GB","potentialAction":[{"@type":"ReadAction","target":["https:\/\/p28223.grupoamper.com\/en\/actividades\/"]}]},{"@type":"ImageObject","inLanguage":"en-GB","@id":"https:\/\/p28223.grupoamper.com\/en\/actividades\/#primaryimage","url":"http:\/\/www.proes.es\/wp-content\/uploads\/2023\/08\/Agua.jpg","contentUrl":"http:\/\/www.proes.es\/wp-content\/uploads\/2023\/08\/Agua.jpg"},{"@type":"BreadcrumbList","@id":"https:\/\/p28223.grupoamper.com\/en\/actividades\/#breadcrumb","itemListElement":[{"@type":"ListItem","position":1,"name":"Portada","item":"https:\/\/p28223.grupoamper.com\/"},{"@type":"ListItem","position":2,"name":"Actividades"}]},{"@type":"WebSite","@id":"https:\/\/p28223.grupoamper.com\/#website","url":"https:\/\/p28223.grupoamper.com\/","name":"Proes,","description":"","publisher":{"@id":"https:\/\/p28223.grupoamper.com\/#organization"},"potentialAction":[{"@type":"SearchAction","target":{"@type":"EntryPoint","urlTemplate":"https:\/\/p28223.grupoamper.com\/?s={search_term_string}"},"query-input":{"@type":"PropertyValueSpecification","valueRequired":true,"valueName":"search_term_string"}}],"inLanguage":"en-GB"},{"@type":"Organization","@id":"https:\/\/p28223.grupoamper.com\/#organization","name":"Proes,","url":"https:\/\/p28223.grupoamper.com\/","logo":{"@type":"ImageObject","inLanguage":"en-GB","@id":"https:\/\/p28223.grupoamper.com\/#\/schema\/logo\/image\/","url":"https:\/\/www.proes.es\/wp-content\/uploads\/2023\/05\/Logo-Proes.png","contentUrl":"https:\/\/www.proes.es\/wp-content\/uploads\/2023\/05\/Logo-Proes.png","width":520,"height":140,"caption":"Proes"},"image":{"@id":"https:\/\/p28223.grupoamper.com\/#\/schema\/logo\/image\/"}}]}},"_links":{"self":[{"href":"https:\/\/www.proes.es\/en\/wp-json\/wp\/v2\/pages\/33595","targetHints":{"allow":["GET"]}}],"collection":[{"href":"https:\/\/www.proes.es\/en\/wp-json\/wp\/v2\/pages"}],"about":[{"href":"https:\/\/www.proes.es\/en\/wp-json\/wp\/v2\/types\/page"}],"author":[{"embeddable":true,"href":"https:\/\/www.proes.es\/en\/wp-json\/wp\/v2\/users\/14"}],"replies":[{"embeddable":true,"href":"https:\/\/www.proes.es\/en\/wp-json\/wp\/v2\/comments?post=33595"}],"version-history":[{"count":434,"href":"https:\/\/www.proes.es\/en\/wp-json\/wp\/v2\/pages\/33595\/revisions"}],"predecessor-version":[{"id":46714,"href":"https:\/\/www.proes.es\/en\/wp-json\/wp\/v2\/pages\/33595\/revisions\/46714"}],"wp:attachment":[{"href":"https:\/\/www.proes.es\/en\/wp-json\/wp\/v2\/media?parent=33595"}],"curies":[{"name":"wp","href":"https:\/\/api.w.org\/{rel}","templated":true}]}}