{"id":43082,"date":"2023-12-14T10:16:26","date_gmt":"2023-12-14T09:16:26","guid":{"rendered":"https:\/\/www.proes.es\/?page_id=43082"},"modified":"2026-03-13T10:10:38","modified_gmt":"2026-03-13T09:10:38","slug":"canal-de-denuncias","status":"publish","type":"page","link":"https:\/\/www.proes.es\/en\/canal-de-denuncias\/","title":{"rendered":"Complaints channel"},"content":{"rendered":"<div data-elementor-type=\"wp-page\" data-elementor-id=\"43082\" class=\"elementor elementor-43082\" data-elementor-post-type=\"page\">\n\t\t\t\t<div class=\"elementor-element elementor-element-05c2dcb e-flex e-con-boxed e-con e-parent\" data-id=\"05c2dcb\" data-element_type=\"container\">\n\t\t\t\t\t<div class=\"e-con-inner\">\n\t\t\t\t<div class=\"elementor-element elementor-element-24a0149 elementor-widget elementor-widget-spacer\" data-id=\"24a0149\" data-element_type=\"widget\" data-widget_type=\"spacer.default\">\n\t\t\t\t<div class=\"elementor-widget-container\">\n\t\t\t\t\t\t\t<div class=\"elementor-spacer\">\n\t\t\t<div class=\"elementor-spacer-inner\"><\/div>\n\t\t<\/div>\n\t\t\t\t\t\t<\/div>\n\t\t\t\t<\/div>\n\t\t\t\t\t<\/div>\n\t\t\t\t<\/div>\n\t\t<div class=\"elementor-element elementor-element-e08d1e6 e-flex e-con-boxed e-con e-parent\" data-id=\"e08d1e6\" data-element_type=\"container\">\n\t\t\t\t\t<div class=\"e-con-inner\">\n\t\t\t\t<div class=\"elementor-element elementor-element-913b887 elementor-widget elementor-widget-text-editor\" data-id=\"913b887\" data-element_type=\"widget\" data-widget_type=\"text-editor.default\">\n\t\t\t\t<div class=\"elementor-widget-container\">\n\t\t\t\t\t\t\t\t\t<p style=\"text-align: left;\">\u00a0 \u00a0 \u00a0 \u00a0 \u00a0 Complaints channel<\/p>\t\t\t\t\t\t\t\t<\/div>\n\t\t\t\t<\/div>\n\t\t<div class=\"elementor-element elementor-element-2ec071f e-con-full e-flex e-con e-child\" data-id=\"2ec071f\" data-element_type=\"container\">\n\t\t\t\t<div class=\"elementor-element elementor-element-1e9c1d0 elementor-align-left elementor-widget elementor-widget-button\" data-id=\"1e9c1d0\" data-element_type=\"widget\" data-widget_type=\"button.default\">\n\t\t\t\t<div class=\"elementor-widget-container\">\n\t\t\t\t\t\t\t\t\t<div class=\"elementor-button-wrapper\">\n\t\t\t\t\t<a class=\"elementor-button elementor-button-link elementor-size-lg\" href=\"https:\/\/centinela.lefebvre.es\/public\/concept\/2371345?access=ST53Vo7if8XAypMF5bxk04E7VOmDOaQwlqNBqsd0%2bg4%3d\">\n\t\t\t\t\t\t<span class=\"elementor-button-content-wrapper\">\n\t\t\t\t\t\t\t\t\t<span class=\"elementor-button-text\">DENUNCIA<\/span>\n\t\t\t\t\t<\/span>\n\t\t\t\t\t<\/a>\n\t\t\t\t<\/div>\n\t\t\t\t\t\t\t\t<\/div>\n\t\t\t\t<\/div>\n\t\t\t\t<\/div>\n\t\t\t\t\t<\/div>\n\t\t\t\t<\/div>\n\t\t<div class=\"elementor-element elementor-element-566876b e-flex e-con-boxed e-con e-parent\" data-id=\"566876b\" data-element_type=\"container\">\n\t\t\t\t\t<div class=\"e-con-inner\">\n\t\t\t\t<div class=\"elementor-element elementor-element-3fc08ef elementor-widget elementor-widget-spacer\" data-id=\"3fc08ef\" data-element_type=\"widget\" data-widget_type=\"spacer.default\">\n\t\t\t\t<div class=\"elementor-widget-container\">\n\t\t\t\t\t\t\t<div class=\"elementor-spacer\">\n\t\t\t<div class=\"elementor-spacer-inner\"><\/div>\n\t\t<\/div>\n\t\t\t\t\t\t<\/div>\n\t\t\t\t<\/div>\n\t\t\t\t\t<\/div>\n\t\t\t\t<\/div>\n\t\t<div class=\"elementor-element elementor-element-dfbc745 e-flex e-con-boxed e-con e-parent\" data-id=\"dfbc745\" data-element_type=\"container\">\n\t\t\t\t\t<div class=\"e-con-inner\">\n\t\t\t\t<div class=\"elementor-element elementor-element-a96c058 elementor-widget elementor-widget-text-editor\" data-id=\"a96c058\" data-element_type=\"widget\" data-widget_type=\"text-editor.default\">\n\t\t\t\t<div class=\"elementor-widget-container\">\n\t\t\t\t\t\t\t\t\t<p>PROES CONSULTORES, S.A. sociedad del GRUPO AMPER, est\u00e1 comprometida con el cumplimiento de la legalidad y la prevenci\u00f3n de infracciones en el desarrollo de las actividades de sus sociedades y promueve una cultura de \u00abtolerancia cero\u00bb hacia la corrupci\u00f3n y el fraude, generando un entorno de transparencia y fomentando el respeto de la legalidad y las normas de conducta establecidas en su C\u00f3digo \u00c9tico. Para este fin, el GRUPO AMPER ha dispuesto el <strong>Complaints channel<\/strong> como medio a trav\u00e9s del cual pueden informarse, de manera an\u00f3nima y confidencial, conductas sucedidas en el desarrollo de la actividad del grupo y que sean susceptibles de ser contrarias a la ley o a su normativa interna.<\/p><p>El Canal de denuncias est\u00e1 dise\u00f1ado y se gestiona cumpliendo estrictamente las exigencias legales de disponibilidad, confidencialidad de la identidad del informante y terceros aludidos, as\u00ed como de las investigaciones que pudieren realizarse, efectividad y procedimiento de investigaci\u00f3n, desarrollada mediante la pol\u00edtica y procedimientos pertinentes y protecci\u00f3n del informante.<\/p>\t\t\t\t\t\t\t\t<\/div>\n\t\t\t\t<\/div>\n\t\t\t\t\t<\/div>\n\t\t\t\t<\/div>\n\t\t<div class=\"elementor-element elementor-element-ea962aa e-flex e-con-boxed e-con e-parent\" data-id=\"ea962aa\" data-element_type=\"container\">\n\t\t\t\t\t<div class=\"e-con-inner\">\n\t\t\t\t<div class=\"elementor-element elementor-element-9dc6cde elementor-widget elementor-widget-spacer\" data-id=\"9dc6cde\" data-element_type=\"widget\" data-widget_type=\"spacer.default\">\n\t\t\t\t<div class=\"elementor-widget-container\">\n\t\t\t\t\t\t\t<div class=\"elementor-spacer\">\n\t\t\t<div class=\"elementor-spacer-inner\"><\/div>\n\t\t<\/div>\n\t\t\t\t\t\t<\/div>\n\t\t\t\t<\/div>\n\t\t\t\t\t<\/div>\n\t\t\t\t<\/div>\n\t\t<div class=\"elementor-element elementor-element-f83f6a5 e-flex e-con-boxed e-con e-parent\" data-id=\"f83f6a5\" data-element_type=\"container\">\n\t\t\t\t\t<div class=\"e-con-inner\">\n\t\t<div class=\"elementor-element elementor-element-a041b8f e-con-full e-flex e-con e-child\" data-id=\"a041b8f\" data-element_type=\"container\">\n\t\t\t\t<div class=\"elementor-element elementor-element-1ab8679 elementor-widget elementor-widget-heading\" data-id=\"1ab8679\" data-element_type=\"widget\" data-widget_type=\"heading.default\">\n\t\t\t\t<div class=\"elementor-widget-container\">\n\t\t\t\t\t<h2 class=\"elementor-heading-title elementor-size-default\">\u00bfQui\u00e9n puede denunciar?<\/h2>\t\t\t\t<\/div>\n\t\t\t\t<\/div>\n\t\t<div class=\"elementor-element elementor-element-a6cd241 e-con-full e-flex e-con e-child\" data-id=\"a6cd241\" data-element_type=\"container\">\n\t\t\t\t<div class=\"elementor-element elementor-element-58b7221 elementor-widget elementor-widget-text-editor\" data-id=\"58b7221\" data-element_type=\"widget\" data-widget_type=\"text-editor.default\">\n\t\t\t\t<div class=\"elementor-widget-container\">\n\t\t\t\t\t\t\t\t\t<p style=\"text-align: left;\">El Canal de denuncias del GRUPO AMPER est\u00e1 abierto a todos los empleados, becarios, candidatos a puestos de trabajo, empleados cuya relaci\u00f3n laboral haya finalizado, proveedores, clientes, accionistas y cualquier persona que trabaje bajo la supervisi\u00f3n y la direcci\u00f3n de contratista o subcontratista de cualquier sociedad del GRUPO AMPER.<\/p>\t\t\t\t\t\t\t\t<\/div>\n\t\t\t\t<\/div>\n\t\t\t\t<\/div>\n\t\t\t\t<\/div>\n\t\t<div class=\"elementor-element elementor-element-d7f9a4e e-con-full e-flex e-con e-child\" data-id=\"d7f9a4e\" data-element_type=\"container\">\n\t\t\t\t<div class=\"elementor-element elementor-element-bec249f elementor-widget elementor-widget-heading\" data-id=\"bec249f\" data-element_type=\"widget\" data-widget_type=\"heading.default\">\n\t\t\t\t<div class=\"elementor-widget-container\">\n\t\t\t\t\t<h2 class=\"elementor-heading-title elementor-size-default\">\u00bfQu\u00e9 se puede denunciar?<\/h2>\t\t\t\t<\/div>\n\t\t\t\t<\/div>\n\t\t<div class=\"elementor-element elementor-element-85515bd e-con-full e-flex e-con e-child\" data-id=\"85515bd\" data-element_type=\"container\">\n\t\t\t\t<div class=\"elementor-element elementor-element-ac8dbb2 elementor-widget elementor-widget-text-editor\" data-id=\"ac8dbb2\" data-element_type=\"widget\" data-widget_type=\"text-editor.default\">\n\t\t\t\t<div class=\"elementor-widget-container\">\n\t\t\t\t\t\t\t\t\t<p style=\"text-align: left;\">El Canal de denuncias del GRUPO AMPER tiene por objeto servir de medio para comunicar cualquier situaci\u00f3n o indicio que implique la comisi\u00f3n de una infracci\u00f3n legal, un incumplimiento de la legislaci\u00f3n vigente, una trasgresi\u00f3n de los principios del C\u00f3digo \u00c9tico o un incumplimiento grave de la normativa interna.<\/p>\t\t\t\t\t\t\t\t<\/div>\n\t\t\t\t<\/div>\n\t\t\t\t<\/div>\n\t\t\t\t<\/div>\n\t\t<div class=\"elementor-element elementor-element-aaacdb9 e-con-full e-flex e-con e-child\" data-id=\"aaacdb9\" data-element_type=\"container\">\n\t\t\t\t<div class=\"elementor-element elementor-element-b65b68e elementor-widget elementor-widget-heading\" data-id=\"b65b68e\" data-element_type=\"widget\" data-widget_type=\"heading.default\">\n\t\t\t\t<div class=\"elementor-widget-container\">\n\t\t\t\t\t<h2 class=\"elementor-heading-title elementor-size-default\">\u00bfC\u00f3mo se puede denunciar?<\/h2>\t\t\t\t<\/div>\n\t\t\t\t<\/div>\n\t\t<div class=\"elementor-element elementor-element-8e93512 e-con-full e-flex e-con e-child\" data-id=\"8e93512\" data-element_type=\"container\">\n\t\t\t\t<div class=\"elementor-element elementor-element-25ad4c3 elementor-widget elementor-widget-text-editor\" data-id=\"25ad4c3\" data-element_type=\"widget\" data-widget_type=\"text-editor.default\">\n\t\t\t\t<div class=\"elementor-widget-container\">\n\t\t\t\t\t\t\t\t\t<p style=\"text-align: left;\">El GRUPO AMPER pone a disposici\u00f3n de los interesados la posibilidad de formular comunicaciones sobre posibles irregularidades pinchando en el enlace contenido en el recuadro <strong>DENUNCIA<\/strong><strong>.<\/strong> Una vez realizada la comunicaci\u00f3n, se le asignar\u00e1 un n\u00famero de referencia y un c\u00f3digo de seguimiento para poder consultar el estado de su denuncia, as\u00ed como proporcionar informaci\u00f3n adicional.<\/p>\t\t\t\t\t\t\t\t<\/div>\n\t\t\t\t<\/div>\n\t\t\t\t<\/div>\n\t\t\t\t<\/div>\n\t\t<div class=\"elementor-element elementor-element-0f97156 e-con-full e-flex e-con e-child\" data-id=\"0f97156\" data-element_type=\"container\">\n\t\t\t\t<div class=\"elementor-element elementor-element-bf50161 elementor-widget elementor-widget-heading\" data-id=\"bf50161\" data-element_type=\"widget\" data-widget_type=\"heading.default\">\n\t\t\t\t<div class=\"elementor-widget-container\">\n\t\t\t\t\t<h2 class=\"elementor-heading-title elementor-size-default\">Derechos de los informantes<\/h2>\t\t\t\t<\/div>\n\t\t\t\t<\/div>\n\t\t<div class=\"elementor-element elementor-element-5107f3c e-con-full e-flex e-con e-child\" data-id=\"5107f3c\" data-element_type=\"container\">\n\t\t\t\t<div class=\"elementor-element elementor-element-ca46fa4 elementor-widget elementor-widget-text-editor\" data-id=\"ca46fa4\" data-element_type=\"widget\" data-widget_type=\"text-editor.default\">\n\t\t\t\t<div class=\"elementor-widget-container\">\n\t\t\t\t\t\t\t\t\t<p style=\"text-align: left;\">El Canal de denuncias del GRUPO AMPER velar\u00e1 siempre por los derechos de los informantes:<\/p>\t\t\t\t\t\t\t\t<\/div>\n\t\t\t\t<\/div>\n\t\t\t\t<div class=\"elementor-element elementor-element-f4354eb elementor-widget elementor-widget-text-editor\" data-id=\"f4354eb\" data-element_type=\"widget\" data-widget_type=\"text-editor.default\">\n\t\t\t\t<div class=\"elementor-widget-container\">\n\t\t\t\t\t\t\t\t\t<ul><li style=\"text-align: left;\">A que las comunicaciones tengan car\u00e1cter confidencial<\/li><li style=\"text-align: left;\">A que su identidad no sea revelada.<\/li><li style=\"text-align: left;\">A que las comunicaciones puedan realizarse de forma an\u00f3nima.<\/li><li style=\"text-align: left;\">A la presunci\u00f3n de inocencia, el derecho de defensa y el derecho de acceso al expediente.<\/li><li style=\"text-align: left;\">A recibir acuse de recibo de la comunicaci\u00f3n que efect\u00fae y de la decisi\u00f3n que se adopte sobre el inicio o no de la investigaci\u00f3n, siempre que designe una direcci\u00f3n al efecto.<\/li><li style=\"text-align: left;\">A recibir informaci\u00f3n en materia de protecci\u00f3n de datos.<\/li><li style=\"text-align: left;\">A ser informado sobre las medidas de protecci\u00f3n y apoyo como informante.<\/li><li style=\"text-align: left;\">A ser informado de la tramitaci\u00f3n del expediente.<\/li><li style=\"text-align: left;\">A ser informado de la existencia de otros sistemas externos de informaci\u00f3n.<\/li><\/ul>\t\t\t\t\t\t\t\t<\/div>\n\t\t\t\t<\/div>\n\t\t\t\t<\/div>\n\t\t\t\t<\/div>\n\t\t\t\t\t<\/div>\n\t\t\t\t<\/div>\n\t\t<div class=\"elementor-element elementor-element-b3d6828 e-flex e-con-boxed e-con e-parent\" data-id=\"b3d6828\" data-element_type=\"container\">\n\t\t\t\t\t<div class=\"e-con-inner\">\n\t\t\t\t<div class=\"elementor-element elementor-element-9768573 elementor-widget elementor-widget-spacer\" data-id=\"9768573\" data-element_type=\"widget\" data-widget_type=\"spacer.default\">\n\t\t\t\t<div class=\"elementor-widget-container\">\n\t\t\t\t\t\t\t<div class=\"elementor-spacer\">\n\t\t\t<div class=\"elementor-spacer-inner\"><\/div>\n\t\t<\/div>\n\t\t\t\t\t\t<\/div>\n\t\t\t\t<\/div>\n\t\t\t\t\t<\/div>\n\t\t\t\t<\/div>\n\t\t\t\t<\/div>","protected":false},"excerpt":{"rendered":"<p>\u00a0 \u00a0 \u00a0 \u00a0 \u00a0 Canal de denuncias DENUNCIA PROES CONSULTORES, S.A. sociedad del GRUPO AMPER, est\u00e1 comprometida con el cumplimiento de la legalidad y la prevenci\u00f3n de infracciones en el desarrollo de las actividades de sus sociedades y promueve una cultura de \u00abtolerancia cero\u00bb hacia la corrupci\u00f3n y el fraude, generando un entorno de [&hellip;]<\/p>","protected":false},"author":14,"featured_media":0,"parent":0,"menu_order":0,"comment_status":"closed","ping_status":"closed","template":"elementor_header_footer","meta":{"footnotes":""},"class_list":["post-43082","page","type-page","status-publish","hentry"],"yoast_head":"<!-- This site is optimized with the Yoast SEO plugin v26.8 - https:\/\/yoast.com\/product\/yoast-seo-wordpress\/ -->\n<title>Canal de denuncias - Proes<\/title>\n<meta name=\"robots\" content=\"index, follow, max-snippet:-1, max-image-preview:large, max-video-preview:-1\" \/>\n<link rel=\"canonical\" href=\"https:\/\/www.proes.es\/en\/canal-de-denuncias\/\" \/>\n<meta property=\"og:locale\" content=\"en_GB\" \/>\n<meta property=\"og:type\" content=\"article\" \/>\n<meta property=\"og:title\" content=\"Canal de denuncias - Proes\" \/>\n<meta property=\"og:description\" content=\"\u00a0 \u00a0 \u00a0 \u00a0 \u00a0 Canal de denuncias DENUNCIA PROES CONSULTORES, S.A. sociedad del GRUPO AMPER, est\u00e1 comprometida con el cumplimiento de la legalidad y la prevenci\u00f3n de infracciones en el desarrollo de las actividades de sus sociedades y promueve una cultura de \u00abtolerancia cero\u00bb hacia la corrupci\u00f3n y el fraude, generando un entorno de [&hellip;]\" \/>\n<meta property=\"og:url\" content=\"https:\/\/www.proes.es\/en\/canal-de-denuncias\/\" \/>\n<meta property=\"og:site_name\" content=\"Proes\" \/>\n<meta property=\"article:modified_time\" content=\"2026-03-13T09:10:38+00:00\" \/>\n<meta name=\"twitter:card\" content=\"summary_large_image\" \/>\n<meta name=\"twitter:label1\" content=\"Estimated reading time\" \/>\n\t<meta name=\"twitter:data1\" content=\"3 minutes\" \/>\n<script type=\"application\/ld+json\" class=\"yoast-schema-graph\">{\"@context\":\"https:\/\/schema.org\",\"@graph\":[{\"@type\":\"WebPage\",\"@id\":\"https:\/\/www.proes.es\/en\/canal-de-denuncias\/\",\"url\":\"https:\/\/www.proes.es\/en\/canal-de-denuncias\/\",\"name\":\"Canal de denuncias - Proes\",\"isPartOf\":{\"@id\":\"https:\/\/p28223.grupoamper.com\/#website\"},\"datePublished\":\"2023-12-14T09:16:26+00:00\",\"dateModified\":\"2026-03-13T09:10:38+00:00\",\"breadcrumb\":{\"@id\":\"https:\/\/www.proes.es\/en\/canal-de-denuncias\/#breadcrumb\"},\"inLanguage\":\"en-GB\",\"potentialAction\":[{\"@type\":\"ReadAction\",\"target\":[\"https:\/\/www.proes.es\/en\/canal-de-denuncias\/\"]}]},{\"@type\":\"BreadcrumbList\",\"@id\":\"https:\/\/www.proes.es\/en\/canal-de-denuncias\/#breadcrumb\",\"itemListElement\":[{\"@type\":\"ListItem\",\"position\":1,\"name\":\"Portada\",\"item\":\"https:\/\/p28223.grupoamper.com\/\"},{\"@type\":\"ListItem\",\"position\":2,\"name\":\"Canal de denuncias\"}]},{\"@type\":\"WebSite\",\"@id\":\"https:\/\/p28223.grupoamper.com\/#website\",\"url\":\"https:\/\/p28223.grupoamper.com\/\",\"name\":\"Proes\",\"description\":\"\",\"publisher\":{\"@id\":\"https:\/\/p28223.grupoamper.com\/#organization\"},\"potentialAction\":[{\"@type\":\"SearchAction\",\"target\":{\"@type\":\"EntryPoint\",\"urlTemplate\":\"https:\/\/p28223.grupoamper.com\/?s={search_term_string}\"},\"query-input\":{\"@type\":\"PropertyValueSpecification\",\"valueRequired\":true,\"valueName\":\"search_term_string\"}}],\"inLanguage\":\"en-GB\"},{\"@type\":\"Organization\",\"@id\":\"https:\/\/p28223.grupoamper.com\/#organization\",\"name\":\"Proes\",\"url\":\"https:\/\/p28223.grupoamper.com\/\",\"logo\":{\"@type\":\"ImageObject\",\"inLanguage\":\"en-GB\",\"@id\":\"https:\/\/p28223.grupoamper.com\/#\/schema\/logo\/image\/\",\"url\":\"https:\/\/www.proes.es\/wp-content\/uploads\/2023\/05\/Logo-Proes.png\",\"contentUrl\":\"https:\/\/www.proes.es\/wp-content\/uploads\/2023\/05\/Logo-Proes.png\",\"width\":520,\"height\":140,\"caption\":\"Proes\"},\"image\":{\"@id\":\"https:\/\/p28223.grupoamper.com\/#\/schema\/logo\/image\/\"}}]}<\/script>\n<!-- \/ Yoast SEO plugin. -->","yoast_head_json":{"title":"Canal de denuncias - Proes","robots":{"index":"index","follow":"follow","max-snippet":"max-snippet:-1","max-image-preview":"max-image-preview:large","max-video-preview":"max-video-preview:-1"},"canonical":"https:\/\/www.proes.es\/en\/canal-de-denuncias\/","og_locale":"en_GB","og_type":"article","og_title":"Canal de denuncias - Proes","og_description":"\u00a0 \u00a0 \u00a0 \u00a0 \u00a0 Canal de denuncias DENUNCIA PROES CONSULTORES, S.A. sociedad del GRUPO AMPER, est\u00e1 comprometida con el cumplimiento de la legalidad y la prevenci\u00f3n de infracciones en el desarrollo de las actividades de sus sociedades y promueve una cultura de \u00abtolerancia cero\u00bb hacia la corrupci\u00f3n y el fraude, generando un entorno de [&hellip;]","og_url":"https:\/\/www.proes.es\/en\/canal-de-denuncias\/","og_site_name":"Proes","article_modified_time":"2026-03-13T09:10:38+00:00","twitter_card":"summary_large_image","twitter_misc":{"Estimated reading time":"3 minutes"},"schema":{"@context":"https:\/\/schema.org","@graph":[{"@type":"WebPage","@id":"https:\/\/www.proes.es\/en\/canal-de-denuncias\/","url":"https:\/\/www.proes.es\/en\/canal-de-denuncias\/","name":"Canal de denuncias - Proes","isPartOf":{"@id":"https:\/\/p28223.grupoamper.com\/#website"},"datePublished":"2023-12-14T09:16:26+00:00","dateModified":"2026-03-13T09:10:38+00:00","breadcrumb":{"@id":"https:\/\/www.proes.es\/en\/canal-de-denuncias\/#breadcrumb"},"inLanguage":"en-GB","potentialAction":[{"@type":"ReadAction","target":["https:\/\/www.proes.es\/en\/canal-de-denuncias\/"]}]},{"@type":"BreadcrumbList","@id":"https:\/\/www.proes.es\/en\/canal-de-denuncias\/#breadcrumb","itemListElement":[{"@type":"ListItem","position":1,"name":"Portada","item":"https:\/\/p28223.grupoamper.com\/"},{"@type":"ListItem","position":2,"name":"Canal de denuncias"}]},{"@type":"WebSite","@id":"https:\/\/p28223.grupoamper.com\/#website","url":"https:\/\/p28223.grupoamper.com\/","name":"Proes,","description":"","publisher":{"@id":"https:\/\/p28223.grupoamper.com\/#organization"},"potentialAction":[{"@type":"SearchAction","target":{"@type":"EntryPoint","urlTemplate":"https:\/\/p28223.grupoamper.com\/?s={search_term_string}"},"query-input":{"@type":"PropertyValueSpecification","valueRequired":true,"valueName":"search_term_string"}}],"inLanguage":"en-GB"},{"@type":"Organization","@id":"https:\/\/p28223.grupoamper.com\/#organization","name":"Proes,","url":"https:\/\/p28223.grupoamper.com\/","logo":{"@type":"ImageObject","inLanguage":"en-GB","@id":"https:\/\/p28223.grupoamper.com\/#\/schema\/logo\/image\/","url":"https:\/\/www.proes.es\/wp-content\/uploads\/2023\/05\/Logo-Proes.png","contentUrl":"https:\/\/www.proes.es\/wp-content\/uploads\/2023\/05\/Logo-Proes.png","width":520,"height":140,"caption":"Proes"},"image":{"@id":"https:\/\/p28223.grupoamper.com\/#\/schema\/logo\/image\/"}}]}},"_links":{"self":[{"href":"https:\/\/www.proes.es\/en\/wp-json\/wp\/v2\/pages\/43082","targetHints":{"allow":["GET"]}}],"collection":[{"href":"https:\/\/www.proes.es\/en\/wp-json\/wp\/v2\/pages"}],"about":[{"href":"https:\/\/www.proes.es\/en\/wp-json\/wp\/v2\/types\/page"}],"author":[{"embeddable":true,"href":"https:\/\/www.proes.es\/en\/wp-json\/wp\/v2\/users\/14"}],"replies":[{"embeddable":true,"href":"https:\/\/www.proes.es\/en\/wp-json\/wp\/v2\/comments?post=43082"}],"version-history":[{"count":64,"href":"https:\/\/www.proes.es\/en\/wp-json\/wp\/v2\/pages\/43082\/revisions"}],"predecessor-version":[{"id":49543,"href":"https:\/\/www.proes.es\/en\/wp-json\/wp\/v2\/pages\/43082\/revisions\/49543"}],"wp:attachment":[{"href":"https:\/\/www.proes.es\/en\/wp-json\/wp\/v2\/media?parent=43082"}],"curies":[{"name":"wp","href":"https:\/\/api.w.org\/{rel}","templated":true}]}}