{"id":48035,"date":"2024-11-20T14:43:18","date_gmt":"2024-11-20T13:43:18","guid":{"rendered":"https:\/\/www.proes.es\/?page_id=48035"},"modified":"2024-11-20T14:44:08","modified_gmt":"2024-11-20T13:44:08","slug":"elementor-48035","status":"publish","type":"page","link":"https:\/\/www.proes.es\/en\/elementor-48035\/","title":{"rendered":"Elementor #48035"},"content":{"rendered":"<div data-elementor-type=\"wp-page\" data-elementor-id=\"48035\" class=\"elementor elementor-48035\" data-elementor-post-type=\"page\">\n\t\t\t\t<div class=\"elementor-element elementor-element-fab53e3 e-flex e-con-boxed e-con e-parent\" data-id=\"fab53e3\" data-element_type=\"container\">\n\t\t\t\t\t<div class=\"e-con-inner\">\n\t\t\t\t<div class=\"elementor-element elementor-element-fd80d96 elementor-button-align-stretch elementor-widget elementor-widget-form\" data-id=\"fd80d96\" data-element_type=\"widget\" data-settings=\"{&quot;step_next_label&quot;:&quot;Siguiente&quot;,&quot;step_previous_label&quot;:&quot;Anterior&quot;,&quot;button_width&quot;:&quot;100&quot;,&quot;step_type&quot;:&quot;number_text&quot;,&quot;step_icon_shape&quot;:&quot;circle&quot;}\" data-widget_type=\"form.default\">\n\t\t\t\t<div class=\"elementor-widget-container\">\n\t\t\t\t\t\t\t<form class=\"elementor-form\" method=\"post\" name=\"prueba\" aria-label=\"prueba\" action=\"\">\n\t\t\t<input type=\"hidden\" name=\"post_id\" value=\"48035\"\/>\n\t\t\t<input type=\"hidden\" name=\"form_id\" value=\"fd80d96\"\/>\n\t\t\t<input type=\"hidden\" name=\"referer_title\" value=\"Elementor #48035 - Proes\" \/>\n\n\t\t\t\t\t\t\t<input type=\"hidden\" name=\"queried_id\" value=\"48035\"\/>\n\t\t\t\n\t\t\t<div class=\"elementor-form-fields-wrapper elementor-labels-above\">\n\t\t\t\t\t\t\t\t<div class=\"elementor-field-type-text elementor-field-group elementor-column elementor-field-group-name elementor-col-100 elementor-field-required elementor-mark-required\">\n\t\t\t\t\t\t\t\t\t\t\t\t<label for=\"form-field-name\" class=\"elementor-field-label\">\n\t\t\t\t\t\t\t\tNombre y Apellidos\t\t\t\t\t\t\t<\/label>\n\t\t\t\t\t\t\t\t\t\t\t\t\t\t<input size=\"1\" type=\"text\" name=\"form_fields[name]\" id=\"form-field-name\" class=\"elementor-field elementor-size-md  elementor-field-textual\" placeholder=\"Introduce tu nombre completo\" required=\"required\">\n\t\t\t\t\t\t\t\t\t\t\t<\/div>\n\t\t\t\t\t\t\t\t<div class=\"elementor-field-type-email elementor-field-group elementor-column elementor-field-group-field_7cc65ab elementor-col-50 elementor-field-required elementor-mark-required\">\n\t\t\t\t\t\t\t\t\t\t\t\t<label for=\"form-field-field_7cc65ab\" class=\"elementor-field-label\">\n\t\t\t\t\t\t\t\tEmail\t\t\t\t\t\t\t<\/label>\n\t\t\t\t\t\t\t\t\t\t\t\t\t\t<input size=\"1\" type=\"email\" name=\"form_fields[field_7cc65ab]\" id=\"form-field-field_7cc65ab\" class=\"elementor-field elementor-size-md  elementor-field-textual\" placeholder=\"correo@ejemplo.com\" required=\"required\">\n\t\t\t\t\t\t\t\t\t\t\t<\/div>\n\t\t\t\t\t\t\t\t<div class=\"elementor-field-type-tel elementor-field-group elementor-column elementor-field-group-field_fa04bf2 elementor-col-50 elementor-field-required elementor-mark-required\">\n\t\t\t\t\t\t\t\t\t\t\t\t<label for=\"form-field-field_fa04bf2\" class=\"elementor-field-label\">\n\t\t\t\t\t\t\t\tTel\u00e9fono\t\t\t\t\t\t\t<\/label>\n\t\t\t\t\t\t\t\t<input size=\"1\" type=\"tel\" name=\"form_fields[field_fa04bf2]\" id=\"form-field-field_fa04bf2\" class=\"elementor-field elementor-size-md  elementor-field-textual\" placeholder=\"123456789\" required=\"required\" pattern=\"[0-9()#&amp;+*-=.]+\" title=\"Solo se aceptan n\u00fameros y caracteres de tel\u00e9fono (#,-,*,etc).\">\n\n\t\t\t\t\t\t<\/div>\n\t\t\t\t\t\t\t\t<div class=\"elementor-field-type-text elementor-field-group elementor-column elementor-field-group-field_bf1aaff elementor-col-50 elementor-field-required elementor-mark-required\">\n\t\t\t\t\t\t\t\t\t\t\t\t<label for=\"form-field-field_bf1aaff\" class=\"elementor-field-label\">\n\t\t\t\t\t\t\t\tNombre titulaci\u00f3n en curso y\/o finalizada\t\t\t\t\t\t\t<\/label>\n\t\t\t\t\t\t\t\t\t\t\t\t\t\t<input size=\"1\" type=\"text\" name=\"form_fields[field_bf1aaff]\" id=\"form-field-field_bf1aaff\" class=\"elementor-field elementor-size-md  elementor-field-textual\" required=\"required\">\n\t\t\t\t\t\t\t\t\t\t\t<\/div>\n\t\t\t\t\t\t\t\t<div class=\"elementor-field-type-upload elementor-field-group elementor-column elementor-field-group-field_55629e2 elementor-col-50 elementor-field-required elementor-mark-required\">\n\t\t\t\t\t\t\t\t\t\t\t\t<label for=\"form-field-field_55629e2\" class=\"elementor-field-label\">\n\t\t\t\t\t\t\t\tAdjuntar CV (PDF)\t\t\t\t\t\t\t<\/label>\n\t\t\t\t\t\t\t\t<input type=\"file\" name=\"form_fields[field_55629e2][]\" id=\"form-field-field_55629e2\" class=\"elementor-field elementor-size-md  elementor-upload-field\" required=\"required\" multiple=\"multiple\" data-maxsize=\"5\" data-maxsize-message=\"Este archivo excede el tama\u00f1o m\u00e1ximo permitido.\">\n\n\t\t\t\t\t\t<\/div>\n\t\t\t\t\t\t\t\t<div class=\"elementor-field-type-html elementor-field-group elementor-column elementor-field-group-field_8c89c55 elementor-col-100\">\n\t\t\t\t\tLos datos de car\u00e1cter personal facilitados en el presente formulario ser\u00e1n incorporados a un fichero titularidad de PROES CONSULTORES, S.A. con NIF A- A28261196 y domicilio social en Pozuelo de Alarc\u00f3n, Calle Virgilio 2, 28223 (Madrid). Sus datos ser\u00e1n tratados con la finalidad de gestionar su CV y ser\u00e1n conservados por todo el tiempo de duraci\u00f3n del proceso de selecci\u00f3n para el que sea seleccionado y, en su defecto, por el plazo de un a\u00f1o.\n<br><br>\nAsimismo, sus datos podr\u00e1n ser comunicados a otras sociedades del GRUPO AMPER con la misma finalidad de selecci\u00f3n de personal.\n<br><br>\nUsted puede ejercitar los derechos de acceso, rectificaci\u00f3n, supresi\u00f3n, oposici\u00f3n y dem\u00e1s reconocidos en el Cap\u00edtulo III del Reglamento (UE) 2019\/679 General de Protecci\u00f3n de Datos dirigiendo su solicitud bien a la direcci\u00f3n postal arriba indicada o mediante correo electr\u00f3nico a la <a href=\"mailto:protecciondedatos@grupoamper.com\">protecciondedatos@grupoamper.com<\/a>. Para m\u00e1s informaci\u00f3n sobre el tratamiento de sus datos, puede consultar la pol\u00edtica de privacidad en la web: <a href=\"https:\/\/www.grupoamper.com\/politica-de-privacidad\/\">www.grupoamper.com\/politica-de-privacidad<\/a>.\t\t\t\t<\/div>\n\t\t\t\t\t\t\t\t<div class=\"elementor-field-type-acceptance elementor-field-group elementor-column elementor-field-group-field_23a7df8 elementor-col-100\">\n\t\t\t\t\t\t\t<div class=\"elementor-field-subgroup\">\n\t\t\t<span class=\"elementor-field-option\">\n\t\t\t\t<input type=\"checkbox\" name=\"form_fields[field_23a7df8]\" id=\"form-field-field_23a7df8\" class=\"elementor-field elementor-size-md  elementor-acceptance-field\">\n\t\t\t\t<label for=\"form-field-field_23a7df8\">Deseo participar en el Sorteo y acepto las <a href=\"https:\/\/www.proes.es\/wp-content\/uploads\/2024\/11\/Bases-concurso-sorteo-PROES-Plaud-Ai.pdf\">Bases Legales del Sorteo<\/a><\/label>\t\t\t<\/span>\n\t\t<\/div>\n\t\t\t\t\t\t<\/div>\n\t\t\t\t\t\t\t\t<div class=\"elementor-field-group elementor-column elementor-field-type-submit elementor-col-100 e-form__buttons\">\n\t\t\t\t\t<button class=\"elementor-button elementor-size-sm\" type=\"submit\">\n\t\t\t\t\t\t<span class=\"elementor-button-content-wrapper\">\n\t\t\t\t\t\t\t\t\t\t\t\t\t\t\t\t\t\t\t\t\t\t<span class=\"elementor-button-text\">Submit<\/span>\n\t\t\t\t\t\t\t\t\t\t\t\t\t<\/span>\n\t\t\t\t\t<\/button>\n\t\t\t\t<\/div>\n\t\t\t<\/div>\n\t\t<input type=\"hidden\" name=\"trp-form-language\" value=\"en\"\/><\/form>\n\t\t\t\t\t\t<\/div>\n\t\t\t\t<\/div>\n\t\t\t\t\t<\/div>\n\t\t\t\t<\/div>\n\t\t\t\t<\/div>","protected":false},"excerpt":{"rendered":"","protected":false},"author":11,"featured_media":0,"parent":0,"menu_order":0,"comment_status":"closed","ping_status":"closed","template":"","meta":{"footnotes":""},"class_list":["post-48035","page","type-page","status-publish","hentry"],"yoast_head":"<!-- This site is optimized with the Yoast SEO plugin v26.8 - https:\/\/yoast.com\/product\/yoast-seo-wordpress\/ -->\n<title>Elementor #48035 - Proes<\/title>\n<meta name=\"robots\" content=\"index, follow, max-snippet:-1, max-image-preview:large, max-video-preview:-1\" \/>\n<link rel=\"canonical\" href=\"https:\/\/www.proes.es\/en\/elementor-48035\/\" \/>\n<meta property=\"og:locale\" content=\"en_GB\" \/>\n<meta property=\"og:type\" content=\"article\" \/>\n<meta property=\"og:title\" content=\"Elementor #48035 - Proes\" \/>\n<meta property=\"og:url\" content=\"https:\/\/www.proes.es\/en\/elementor-48035\/\" \/>\n<meta property=\"og:site_name\" content=\"Proes\" \/>\n<meta property=\"article:modified_time\" content=\"2024-11-20T13:44:08+00:00\" \/>\n<meta name=\"twitter:card\" content=\"summary_large_image\" \/>\n<script type=\"application\/ld+json\" class=\"yoast-schema-graph\">{\"@context\":\"https:\/\/schema.org\",\"@graph\":[{\"@type\":\"WebPage\",\"@id\":\"https:\/\/www.proes.es\/elementor-48035\/\",\"url\":\"https:\/\/www.proes.es\/elementor-48035\/\",\"name\":\"Elementor #48035 - Proes\",\"isPartOf\":{\"@id\":\"https:\/\/www.proes.es\/#website\"},\"datePublished\":\"2024-11-20T13:43:18+00:00\",\"dateModified\":\"2024-11-20T13:44:08+00:00\",\"breadcrumb\":{\"@id\":\"https:\/\/www.proes.es\/elementor-48035\/#breadcrumb\"},\"inLanguage\":\"en-GB\",\"potentialAction\":[{\"@type\":\"ReadAction\",\"target\":[\"https:\/\/www.proes.es\/elementor-48035\/\"]}]},{\"@type\":\"BreadcrumbList\",\"@id\":\"https:\/\/www.proes.es\/elementor-48035\/#breadcrumb\",\"itemListElement\":[{\"@type\":\"ListItem\",\"position\":1,\"name\":\"Portada\",\"item\":\"https:\/\/www.proes.es\/\"},{\"@type\":\"ListItem\",\"position\":2,\"name\":\"Elementor #48035\"}]},{\"@type\":\"WebSite\",\"@id\":\"https:\/\/www.proes.es\/#website\",\"url\":\"https:\/\/www.proes.es\/\",\"name\":\"Proes\",\"description\":\"\",\"publisher\":{\"@id\":\"https:\/\/www.proes.es\/#organization\"},\"potentialAction\":[{\"@type\":\"SearchAction\",\"target\":{\"@type\":\"EntryPoint\",\"urlTemplate\":\"https:\/\/www.proes.es\/?s={search_term_string}\"},\"query-input\":{\"@type\":\"PropertyValueSpecification\",\"valueRequired\":true,\"valueName\":\"search_term_string\"}}],\"inLanguage\":\"en-GB\"},{\"@type\":\"Organization\",\"@id\":\"https:\/\/www.proes.es\/#organization\",\"name\":\"Proes\",\"url\":\"https:\/\/www.proes.es\/\",\"logo\":{\"@type\":\"ImageObject\",\"inLanguage\":\"en-GB\",\"@id\":\"https:\/\/www.proes.es\/#\/schema\/logo\/image\/\",\"url\":\"https:\/\/www.proes.es\/wp-content\/uploads\/2023\/05\/Logo-Proes.png\",\"contentUrl\":\"https:\/\/www.proes.es\/wp-content\/uploads\/2023\/05\/Logo-Proes.png\",\"width\":520,\"height\":140,\"caption\":\"Proes\"},\"image\":{\"@id\":\"https:\/\/www.proes.es\/#\/schema\/logo\/image\/\"}}]}<\/script>\n<!-- \/ Yoast SEO plugin. -->","yoast_head_json":{"title":"Elementor #48035 - Proes","robots":{"index":"index","follow":"follow","max-snippet":"max-snippet:-1","max-image-preview":"max-image-preview:large","max-video-preview":"max-video-preview:-1"},"canonical":"https:\/\/www.proes.es\/en\/elementor-48035\/","og_locale":"en_GB","og_type":"article","og_title":"Elementor #48035 - Proes","og_url":"https:\/\/www.proes.es\/en\/elementor-48035\/","og_site_name":"Proes","article_modified_time":"2024-11-20T13:44:08+00:00","twitter_card":"summary_large_image","schema":{"@context":"https:\/\/schema.org","@graph":[{"@type":"WebPage","@id":"https:\/\/www.proes.es\/elementor-48035\/","url":"https:\/\/www.proes.es\/elementor-48035\/","name":"Elementor #48035 - Proes","isPartOf":{"@id":"https:\/\/www.proes.es\/#website"},"datePublished":"2024-11-20T13:43:18+00:00","dateModified":"2024-11-20T13:44:08+00:00","breadcrumb":{"@id":"https:\/\/www.proes.es\/elementor-48035\/#breadcrumb"},"inLanguage":"en-GB","potentialAction":[{"@type":"ReadAction","target":["https:\/\/www.proes.es\/elementor-48035\/"]}]},{"@type":"BreadcrumbList","@id":"https:\/\/www.proes.es\/elementor-48035\/#breadcrumb","itemListElement":[{"@type":"ListItem","position":1,"name":"Portada","item":"https:\/\/www.proes.es\/"},{"@type":"ListItem","position":2,"name":"Elementor #48035"}]},{"@type":"WebSite","@id":"https:\/\/www.proes.es\/#website","url":"https:\/\/www.proes.es\/","name":"Proes,","description":"","publisher":{"@id":"https:\/\/www.proes.es\/#organization"},"potentialAction":[{"@type":"SearchAction","target":{"@type":"EntryPoint","urlTemplate":"https:\/\/www.proes.es\/?s={search_term_string}"},"query-input":{"@type":"PropertyValueSpecification","valueRequired":true,"valueName":"search_term_string"}}],"inLanguage":"en-GB"},{"@type":"Organization","@id":"https:\/\/www.proes.es\/#organization","name":"Proes,","url":"https:\/\/www.proes.es\/","logo":{"@type":"ImageObject","inLanguage":"en-GB","@id":"https:\/\/www.proes.es\/#\/schema\/logo\/image\/","url":"https:\/\/www.proes.es\/wp-content\/uploads\/2023\/05\/Logo-Proes.png","contentUrl":"https:\/\/www.proes.es\/wp-content\/uploads\/2023\/05\/Logo-Proes.png","width":520,"height":140,"caption":"Proes"},"image":{"@id":"https:\/\/www.proes.es\/#\/schema\/logo\/image\/"}}]}},"_links":{"self":[{"href":"https:\/\/www.proes.es\/en\/wp-json\/wp\/v2\/pages\/48035","targetHints":{"allow":["GET"]}}],"collection":[{"href":"https:\/\/www.proes.es\/en\/wp-json\/wp\/v2\/pages"}],"about":[{"href":"https:\/\/www.proes.es\/en\/wp-json\/wp\/v2\/types\/page"}],"author":[{"embeddable":true,"href":"https:\/\/www.proes.es\/en\/wp-json\/wp\/v2\/users\/11"}],"replies":[{"embeddable":true,"href":"https:\/\/www.proes.es\/en\/wp-json\/wp\/v2\/comments?post=48035"}],"version-history":[{"count":7,"href":"https:\/\/www.proes.es\/en\/wp-json\/wp\/v2\/pages\/48035\/revisions"}],"predecessor-version":[{"id":48042,"href":"https:\/\/www.proes.es\/en\/wp-json\/wp\/v2\/pages\/48035\/revisions\/48042"}],"wp:attachment":[{"href":"https:\/\/www.proes.es\/en\/wp-json\/wp\/v2\/media?parent=48035"}],"curies":[{"name":"wp","href":"https:\/\/api.w.org\/{rel}","templated":true}]}}